{"id":18,"date":"2016-02-23T11:56:19","date_gmt":"2016-02-23T10:56:19","guid":{"rendered":"http:\/\/www.muggedaetscher.ch\/?page_id=18"},"modified":"2026-04-15T18:29:50","modified_gmt":"2026-04-15T16:29:50","slug":"binggisjunge-garde","status":"publish","type":"page","link":"http:\/\/www.muggedaetscher.ch\/index.php\/binggisjunge-garde\/","title":{"rendered":"Binggis\/Junge Garde"},"content":{"rendered":"<div class=\"wpb-content-wrapper\"><p>[vc_row][vc_column width=&#8220;1\/2&#8243;][vc_text_separator title=&#8220;Aktuelles&#8220; css=&#8220;&#8220;][vc_column_text css=&#8220;&#8220;]22.-23.08.2026 Muggeweekend in Hochwald<\/p>\n<p>15.-17.02.2027 Basler Fasnacht 2027[\/vc_column_text][\/vc_column][vc_column width=&#8220;1\/2&#8243;][vc_single_image image=&#8220;3792&#8243; img_size=&#8220;large&#8220; css=&#8220;&#8220;][\/vc_column][\/vc_row][vc_row][vc_column][vc_text_separator title=&#8220;Wo und wann pfeifen und trommeln wir?&#8220; css=&#8220;&#8220;][vc_column_text css=&#8220;&#8220;]Im April beginnen jedes Jahr neue Pfeifer- und Trommelkurse f\u00fcr Kinder ab 6 oder 7 Jahren. Anf\u00e4nger, wie auch Fortgeschrittene, sind herzlich willkommen. Die \u00dcbungsstunden finden jeweils am Donnerstag (ausser in den Schulferien) statt.[\/vc_column_text][\/vc_column][\/vc_row][vc_row css=&#8220;.vc_custom_1709120692550{margin-bottom: -20px !important;border-bottom-width: 0px !important;padding-bottom: 0px !important;}&#8220;][vc_column width=&#8220;1\/2&#8243; css=&#8220;.vc_custom_1709119524788{margin-bottom: 0px !important;border-bottom-width: 0px !important;padding-bottom: 0px !important;}&#8220;][vc_text_separator title=&#8220;Kurse Tambouren&#8220;][vc_column_text css=&#8220;&#8220;]<\/p>\n<ul>\n<li><strong>Anf\u00e4nger<br \/>\n<\/strong>18.30\u201319.30 Uhr, Vogesenschulhaus<br \/>\nInstruktor: Marianne Lindenmann<\/li>\n<li><strong>Fortgeschrittene<br \/>\n<\/strong>19.00\u201320.00 Uhr, St. Johanns Schulhaus<br \/>\nInstruktor: Thierry L\u00fctzelschwab<\/li>\n<li><strong>Binggis<br \/>\n<\/strong>19.00\u201320.00 Uhr, St. Johanns-Tor<br \/>\nInstruktor: David Hasler<\/li>\n<li><strong>Junge Garde<br \/>\n<\/strong>19.00\u201320.00 Uhr, St. Johanns-Tor<br \/>\nInstruktor: Marc Borer<\/li>\n<\/ul>\n<p>[\/vc_column_text][\/vc_column][vc_column width=&#8220;1\/2&#8243;][vc_text_separator title=&#8220;Kurse Pfeiffer&#8220;][vc_column_text css=&#8220;&#8220;]<\/p>\n<ul>\n<li><strong>Anf\u00e4nger<br \/>\n<\/strong>18.00\u201319.00 Uhr, St. Johanns Schulhaus<br \/>\nInstruktorin: Corinne Baltis<\/li>\n<li><strong>Binggis<br \/>\n<\/strong>18.30\u201319.30, Vogesenschulhaus<br \/>\nInstruktorin: Pierina Schmid<\/li>\n<li><strong>Junge Garde<br \/>\n<\/strong>19.00\u201320.00 Uhr, St. Johanns Schulhaus<br \/>\nInstruktor: Lea Jeger<\/li>\n<li><strong>Junge Garde Unterstimmen<\/strong><strong><br \/>\n<\/strong>19.00\u201320.00 Uhr, St. Johanns Schulhaus<br \/>\nInstruktorin: Roman Zehnder<\/li>\n<\/ul>\n<p>[\/vc_column_text][\/vc_column][\/vc_row][vc_row css=&#8220;.vc_custom_1709120634445{margin-top: 0px !important;border-top-width: 0px !important;padding-top: 0px !important;}&#8220;][vc_column css=&#8220;.vc_custom_1709120627684{margin-top: 0px !important;border-top-width: 0px !important;padding-top: 0px !important;}&#8220;][vc_column_text]<\/p>\n<div class=\"row \">\n<div id=\"wpv-column-763a1f473a2ad6e78eef67bd1405e67f\" class=\"wpv-grid grid-1-1 wpv-first-level first unextended\">\n<p>(Zus\u00e4tzlich finden \u00dcbergangskurse Binggis\/JG und JG\/Stamm statt. Diese sind im normalen Unterricht integriert.<\/p>\n<\/div>\n<\/div>\n<p>[\/vc_column_text][\/vc_column][\/vc_row][vc_row][vc_column width=&#8220;1\/3&#8243; css=&#8220;.vc_custom_1709120584801{margin-top: 0px !important;border-top-width: 0px !important;padding-top: 0px !important;background-color: #ffdb9e !important;}&#8220;][vc_icon icon_fontawesome=&#8220;fas fa-info&#8220; color=&#8220;white&#8220; align=&#8220;center&#8220; css=&#8220;.vc_custom_1709119401938{margin-bottom: 0px !important;border-bottom-width: 0px !important;padding-bottom: 0px !important;}&#8220;][vc_column_text]<strong>Willst Du dich informieren?<br \/>\n<\/strong>Auf unserem Flyer findest Du und Deine Eltern alle n\u00f6tigen Infos rund ums Fasnachtmachen und das Cliquenleben der Binggis und der Jungen Garde.<\/p>\n<p><a href=\"http:\/\/www.muggedaetscher.ch\/wp-content\/uploads\/2020\/05\/Infoflyer-2020.pdf\" target=\"_blank\" rel=\"noopener\">Weitere Informationen (Pdf)<\/a>[\/vc_column_text][\/vc_column][vc_column width=&#8220;1\/3&#8243; css=&#8220;.vc_custom_1709120607886{margin-top: 0px !important;border-top-width: 0px !important;padding-top: 0px !important;background-color: #ffdb9e !important;}&#8220;][vc_icon icon_fontawesome=&#8220;fas fa-phone&#8220; color=&#8220;white&#8220; align=&#8220;center&#8220; css=&#8220;.vc_custom_1709119419373{margin-bottom: 0px !important;border-bottom-width: 0px !important;padding-bottom: 0px !important;}&#8220;][vc_column_text]<strong>Brauchst du noch mehr Infos?<br \/>\n<\/strong>F\u00fcr weitere Infos oder bei Fragen gibt unser Obmann gerne Auskunft:<br \/>\nDaniel Arni<br \/>\nTel.: +41 (0)79 693 82 91<\/p>\n<div id=\"id8\" class=\"style_SkipStroke_2 shape-with-text\">\n<div class=\"text-content graphic_textbox_layout_style_default_External_230_98\">\n<div class=\"graphic_textbox_layout_style_default\">\n<p class=\"paragraph_style_5\"><a href=\"mailto:daniel.arni@hotmail.com\">daniel.arni@hotmail.com<\/a><\/p>\n<\/div>\n<\/div>\n<\/div>\n<p>[\/vc_column_text][\/vc_column][vc_column width=&#8220;1\/3&#8243; css=&#8220;.vc_custom_1709120616843{margin-top: 0px !important;border-top-width: 0px !important;padding-top: 0px !important;background-color: #ffdb9e !important;}&#8220;][vc_icon icon_fontawesome=&#8220;fas fa-mask&#8220; color=&#8220;white&#8220; align=&#8220;center&#8220; css=&#8220;.vc_custom_1709119429892{margin-bottom: 0px !important;border-bottom-width: 0px !important;padding-bottom: 0px !important;}&#8220;][vc_column_text]<strong>Willst Du bei uns Fasnacht machen?<br \/>\n<\/strong>Bei uns sind Anf\u00e4nger, die Pfeifen oder Trommeln lernen wollen, sowie Fortgeschrittene, jederzeit willkommen. Wir freuen uns auf Dich!<\/p>\n<p><a href=\"http:\/\/www.muggedaetscher.ch\/wp-content\/uploads\/2016\/07\/2016Formular-Beitritt_JG.pdf\" target=\"_blank\" rel=\"noopener\">Beitrittsformular (Pdf)<\/a>[\/vc_column_text][\/vc_column][\/vc_row]<\/p>\n<\/div>","protected":false},"excerpt":{"rendered":"<p>[vc_row][vc_column width=&#8220;1\/2&#8243;][vc_text_separator title=&#8220;Aktuelles&#8220; css=&#8220;&#8220;][vc_column_text css=&#8220;&#8220;]22.-23.08.2026 Muggeweekend in Hochwald 15.-17.02.2027 Basler Fasnacht 2027[\/vc_column_text][\/vc_column][vc_column width=&#8220;1\/2&#8243;][vc_single_image image=&#8220;3792&#8243; img_size=&#8220;large&#8220; css=&#8220;&#8220;][\/vc_column][\/vc_row][vc_row][vc_column][vc_text_separator title=&#8220;Wo und wann pfeifen und trommeln wir?&#8220; css=&#8220;&#8220;][vc_column_text css=&#8220;&#8220;]Im April beginnen jedes Jahr neue&#8230;<\/p>\n","protected":false},"author":1,"featured_media":0,"parent":0,"menu_order":1,"comment_status":"closed","ping_status":"closed","template":"","meta":{"footnotes":""},"class_list":["post-18","page","type-page","status-publish","hentry"],"_links":{"self":[{"href":"http:\/\/www.muggedaetscher.ch\/index.php\/wp-json\/wp\/v2\/pages\/18","targetHints":{"allow":["GET"]}}],"collection":[{"href":"http:\/\/www.muggedaetscher.ch\/index.php\/wp-json\/wp\/v2\/pages"}],"about":[{"href":"http:\/\/www.muggedaetscher.ch\/index.php\/wp-json\/wp\/v2\/types\/page"}],"author":[{"embeddable":true,"href":"http:\/\/www.muggedaetscher.ch\/index.php\/wp-json\/wp\/v2\/users\/1"}],"replies":[{"embeddable":true,"href":"http:\/\/www.muggedaetscher.ch\/index.php\/wp-json\/wp\/v2\/comments?post=18"}],"version-history":[{"count":116,"href":"http:\/\/www.muggedaetscher.ch\/index.php\/wp-json\/wp\/v2\/pages\/18\/revisions"}],"predecessor-version":[{"id":3794,"href":"http:\/\/www.muggedaetscher.ch\/index.php\/wp-json\/wp\/v2\/pages\/18\/revisions\/3794"}],"wp:attachment":[{"href":"http:\/\/www.muggedaetscher.ch\/index.php\/wp-json\/wp\/v2\/media?parent=18"}],"curies":[{"name":"wp","href":"https:\/\/api.w.org\/{rel}","templated":true}]}}