{"id":24,"date":"2016-02-23T11:57:11","date_gmt":"2016-02-23T10:57:11","guid":{"rendered":"http:\/\/www.muggedaetscher.ch\/?page_id=24"},"modified":"2024-03-06T11:54:27","modified_gmt":"2024-03-06T10:54:27","slug":"cliquenlokal","status":"publish","type":"page","link":"http:\/\/www.muggedaetscher.ch\/index.php\/cliquenlokal\/","title":{"rendered":"Cliquenlokal \u2013 Vermietung"},"content":{"rendered":"<div class=\"wpb-content-wrapper\"><p>[vc_row][vc_column width=&#8220;1\/2&#8243;][vc_gallery interval=&#8220;3&#8243; images=&#8220;469,403,3405,3406,3407&#8243; img_size=&#8220;full&#8220;][\/vc_column][vc_column width=&#8220;1\/2&#8243;][vc_column_text]<strong>Adresse<\/strong><br \/>\nSt. Johanns-Vorstadt 110<br \/>\n4056 Basel<\/p>\n<p><b>Kapazit\u00e4t<\/b><b><br \/>\n<\/b>Ap\u00e9ro: 80 Personen (stehend) auf 3 Stockwerken<br \/>\nNachtessen: max. 40 Personen (bequem sitzend) in 2 R\u00e4umen<\/p>\n<p><b>Konditionen<\/b><b><br \/>\n<\/b>Ap\u00e9ro (bis max 3 Std): ab CHF 80.\u2013 <span lang=\"DE\">(plus Bedienung)<\/span><br \/>\nSonstige Vermietungen ab CHF 130.\u2013 <span lang=\"DE\">(plus Bedienung)<\/span><br \/>\n(Mietpreise f\u00fcr Aktive\/Passive auf Anfrage)<\/p>\n<p><b>Getr\u00e4nke<\/b><b><br \/>\n<\/b>Sind aus unserm Lokal zu beziehen (Details auf Anfrage erh\u00e4ltlich)<br \/>\nBedienung: je nach Aufwand, mind. CHF. 20.\u2013 pro Anlass<b><br \/>\n<\/b><\/p>\n<p><b>Reservationen per Mail<br \/>\n<\/b><span style=\"font-family: Arial,Helvetica,Geneva,Swiss,SunSans-Regular; font-size: small;\"><a href=\"mailto:seline.strahm@gmail.com\">Seline Wirz<\/a> oder <a href=\"mailto: muggetoerli@gmail.com\">T\u00f6rlikommission<\/a><\/span><\/p>\n<p><b>Dauer-Vermietung<br \/>\n<\/b>Unser Cliquen-Lokal kann am Mittwoch oder Freitag f\u00fcr Fr. 100.- pro Monat (bei einer Jahresmiete) gemietet werden. Details auf Anfrage bei <a href=\"mailto:seline.strahm@gmail.com\">Seline Wirz<\/a>[\/vc_column_text][\/vc_column][\/vc_row]<\/p>\n<\/div>","protected":false},"excerpt":{"rendered":"<p>[vc_row][vc_column width=&#8220;1\/2&#8243;][vc_gallery interval=&#8220;3&#8243; images=&#8220;469,403,3405,3406,3407&#8243; img_size=&#8220;full&#8220;][\/vc_column][vc_column width=&#8220;1\/2&#8243;][vc_column_text]Adresse St. Johanns-Vorstadt 110 4056 Basel Kapazit\u00e4t Ap\u00e9ro: 80 Personen (stehend) auf 3 Stockwerken Nachtessen: max. 40 Personen (bequem sitzend) in 2 R\u00e4umen Konditionen Ap\u00e9ro&#8230;<\/p>\n","protected":false},"author":1,"featured_media":0,"parent":0,"menu_order":0,"comment_status":"closed","ping_status":"closed","template":"","meta":{"footnotes":""},"class_list":["post-24","page","type-page","status-publish","hentry"],"_links":{"self":[{"href":"http:\/\/www.muggedaetscher.ch\/index.php\/wp-json\/wp\/v2\/pages\/24","targetHints":{"allow":["GET"]}}],"collection":[{"href":"http:\/\/www.muggedaetscher.ch\/index.php\/wp-json\/wp\/v2\/pages"}],"about":[{"href":"http:\/\/www.muggedaetscher.ch\/index.php\/wp-json\/wp\/v2\/types\/page"}],"author":[{"embeddable":true,"href":"http:\/\/www.muggedaetscher.ch\/index.php\/wp-json\/wp\/v2\/users\/1"}],"replies":[{"embeddable":true,"href":"http:\/\/www.muggedaetscher.ch\/index.php\/wp-json\/wp\/v2\/comments?post=24"}],"version-history":[{"count":17,"href":"http:\/\/www.muggedaetscher.ch\/index.php\/wp-json\/wp\/v2\/pages\/24\/revisions"}],"predecessor-version":[{"id":3615,"href":"http:\/\/www.muggedaetscher.ch\/index.php\/wp-json\/wp\/v2\/pages\/24\/revisions\/3615"}],"wp:attachment":[{"href":"http:\/\/www.muggedaetscher.ch\/index.php\/wp-json\/wp\/v2\/media?parent=24"}],"curies":[{"name":"wp","href":"https:\/\/api.w.org\/{rel}","templated":true}]}}