{"id":20,"date":"2016-02-23T11:56:32","date_gmt":"2016-02-23T10:56:32","guid":{"rendered":"http:\/\/www.muggedaetscher.ch\/?page_id=20"},"modified":"2024-03-04T12:08:30","modified_gmt":"2024-03-04T11:08:30","slug":"stamm","status":"publish","type":"page","link":"https:\/\/www.muggedaetscher.ch\/index.php\/stamm\/","title":{"rendered":"Stamm"},"content":{"rendered":"<div class=\"wpb-content-wrapper\"><p>[vc_row][vc_column width=&#8220;1\/2&#8243;][vc_text_separator title=&#8220;Wo und wann pfeifen und trommeln wir?&#8220;][vc_column_text]<span style=\"font-family: Arial,Helvetica,Geneva,Swiss,SunSans-Regular; font-size: small;\">Die Trommel- und Pfeiferstunde findet \u2013 um den Kontakt zu pflegen \u2013 am selben Tag statt, jeweils donnerstags von 20:00 bis ca. 21:30 Uhr. Die Pfeifer \u00fcben im St. Johann-Schulhaus (Eingang Spitalstrasse) und die Tambouren im St. Johannstor. Im Anschluss gem\u00fctliches Beisammensein mit Verpflegung im &#8222;T\u00f6rli&#8220;.<\/span>[\/vc_column_text][\/vc_column][\/vc_row]<\/p>\n<\/div>","protected":false},"excerpt":{"rendered":"<p>[vc_row][vc_column width=&#8220;1\/2&#8243;][vc_text_separator title=&#8220;Wo und wann pfeifen und trommeln wir?&#8220;][vc_column_text]Die Trommel- und Pfeiferstunde findet \u2013 um den Kontakt zu pflegen \u2013 am selben Tag statt, jeweils donnerstags von 20:00 bis ca&#8230;.<\/p>\n","protected":false},"author":1,"featured_media":0,"parent":0,"menu_order":0,"comment_status":"closed","ping_status":"closed","template":"","meta":{"footnotes":""},"class_list":["post-20","page","type-page","status-publish","hentry"],"_links":{"self":[{"href":"https:\/\/www.muggedaetscher.ch\/index.php\/wp-json\/wp\/v2\/pages\/20","targetHints":{"allow":["GET"]}}],"collection":[{"href":"https:\/\/www.muggedaetscher.ch\/index.php\/wp-json\/wp\/v2\/pages"}],"about":[{"href":"https:\/\/www.muggedaetscher.ch\/index.php\/wp-json\/wp\/v2\/types\/page"}],"author":[{"embeddable":true,"href":"https:\/\/www.muggedaetscher.ch\/index.php\/wp-json\/wp\/v2\/users\/1"}],"replies":[{"embeddable":true,"href":"https:\/\/www.muggedaetscher.ch\/index.php\/wp-json\/wp\/v2\/comments?post=20"}],"version-history":[{"count":10,"href":"https:\/\/www.muggedaetscher.ch\/index.php\/wp-json\/wp\/v2\/pages\/20\/revisions"}],"predecessor-version":[{"id":3582,"href":"https:\/\/www.muggedaetscher.ch\/index.php\/wp-json\/wp\/v2\/pages\/20\/revisions\/3582"}],"wp:attachment":[{"href":"https:\/\/www.muggedaetscher.ch\/index.php\/wp-json\/wp\/v2\/media?parent=20"}],"curies":[{"name":"wp","href":"https:\/\/api.w.org\/{rel}","templated":true}]}}